{"id":10,"date":"2026-01-01T13:46:21","date_gmt":"2026-01-01T13:46:21","guid":{"rendered":"https:\/\/etlejod.cluster100.hosting.ovh.net\/?page_id=10"},"modified":"2026-02-18T23:04:37","modified_gmt":"2026-02-18T22:04:37","slug":"accueil","status":"publish","type":"page","link":"https:\/\/norkal.fr\/","title":{"rendered":"ACCUEIL"},"content":{"rendered":"\n<div class=\"wp-block-cover alignfull\" style=\"min-height:201px;aspect-ratio:unset;\"><img decoding=\"async\" class=\"wp-block-cover__image-background wp-image-81 size-full\" alt=\"\" src=\"https:\/\/norkal.fr\/wp-content\/uploads\/2026\/02\/nk-filigrane-couleur-1.png\" data-object-fit=\"cover\"\/><span aria-hidden=\"true\" class=\"wp-block-cover__background has-background-dim-70 has-background-dim\" style=\"background-color:#1e5747\"><\/span><div class=\"wp-block-cover__inner-container is-layout-constrained wp-block-cover-is-layout-constrained\">\n<p class=\"has-text-align-left has-white-color has-text-color has-link-color has-large-font-size wp-elements-522a263d2e1d4042500635b56660c484\"><strong>NORKAL, PARTENAIRE DES DIRECTIONS INDUSTRIELLES EN NORMANDIE<\/strong><\/p>\n\n\n\n<div class=\"wp-block-buttons is-layout-flex wp-block-buttons-is-layout-flex\">\n<div class=\"wp-block-button\"><a class=\"wp-block-button__link wp-element-button\" href=\"https:\/\/norkal.fr\/index.php\/contact\/\"><strong>\u00c9CHANGER SUR VOTRE BESOIN<\/strong><\/a><\/div>\n<\/div>\n<\/div><\/div>\n\n\n\n<div class=\"wp-block-group alignfull has-background is-vertical is-content-justification-center is-layout-flex wp-container-core-group-is-layout-ce155fab wp-block-group-is-layout-flex\" style=\"background-color:#eeeeee\">\n<p class=\"has-text-align-left\" style=\"font-size:16px\"><strong>Cabinet sp\u00e9cialis\u00e9 dans le renforcement strat\u00e9gique des \u00e9quipes techniques, en assistance op\u00e9rationnelle ou en recrutement direct<\/strong><\/p>\n<\/div>\n\n\n\n<div class=\"wp-block-columns alignwide are-vertically-aligned-bottom is-layout-flex wp-container-core-columns-is-layout-28f84493 wp-block-columns-is-layout-flex\">\n<div class=\"wp-block-column is-vertically-aligned-bottom is-layout-flow wp-block-column-is-layout-flow\">\n<h2 class=\"wp-block-heading has-ast-global-color-0-color has-text-color has-link-color wp-elements-e69e134b5a45fd1f357f78b067e162b4\">NOTRE MISSION<\/h2>\n\n\n\n<div class=\"wp-block-columns is-layout-flex wp-container-core-columns-is-layout-28f84493 wp-block-columns-is-layout-flex\">\n<div class=\"wp-block-column is-layout-flow wp-block-column-is-layout-flow\">\n<figure class=\"wp-block-image size-large\"><img loading=\"lazy\" decoding=\"async\" width=\"2560\" height=\"2560\" src=\"https:\/\/norkal.fr\/wp-content\/uploads\/2026\/02\/photo-automobile-production-line-welding-car-body-modern-car-assembly-plant-auto-industry-interior-hightech-factory-modern-production-1-edited-scaled.jpg\" alt=\"\" class=\"wp-image-94\" srcset=\"https:\/\/norkal.fr\/wp-content\/uploads\/2026\/02\/photo-automobile-production-line-welding-car-body-modern-car-assembly-plant-auto-industry-interior-hightech-factory-modern-production-1-edited-scaled.jpg 2560w, https:\/\/norkal.fr\/wp-content\/uploads\/2026\/02\/photo-automobile-production-line-welding-car-body-modern-car-assembly-plant-auto-industry-interior-hightech-factory-modern-production-1-edited-300x300.jpg 300w, https:\/\/norkal.fr\/wp-content\/uploads\/2026\/02\/photo-automobile-production-line-welding-car-body-modern-car-assembly-plant-auto-industry-interior-hightech-factory-modern-production-1-edited-1024x1024.jpg 1024w, https:\/\/norkal.fr\/wp-content\/uploads\/2026\/02\/photo-automobile-production-line-welding-car-body-modern-car-assembly-plant-auto-industry-interior-hightech-factory-modern-production-1-edited-150x150.jpg 150w, https:\/\/norkal.fr\/wp-content\/uploads\/2026\/02\/photo-automobile-production-line-welding-car-body-modern-car-assembly-plant-auto-industry-interior-hightech-factory-modern-production-1-edited-768x768.jpg 768w, https:\/\/norkal.fr\/wp-content\/uploads\/2026\/02\/photo-automobile-production-line-welding-car-body-modern-car-assembly-plant-auto-industry-interior-hightech-factory-modern-production-1-edited-1536x1536.jpg 1536w, https:\/\/norkal.fr\/wp-content\/uploads\/2026\/02\/photo-automobile-production-line-welding-car-body-modern-car-assembly-plant-auto-industry-interior-hightech-factory-modern-production-1-edited-2048x2048.jpg 2048w\" sizes=\"auto, (max-width: 2560px) 100vw, 2560px\" \/><\/figure>\n<\/div>\n\n\n\n<div class=\"wp-block-column is-layout-flow wp-block-column-is-layout-flow\">\n<figure class=\"wp-block-image size-large\"><img loading=\"lazy\" decoding=\"async\" width=\"2560\" height=\"2560\" src=\"https:\/\/norkal.fr\/wp-content\/uploads\/2026\/02\/plant-automotive-industry-shop-production-assembly-machines-1-edited-1-scaled.jpg\" alt=\"\" class=\"wp-image-101\" srcset=\"https:\/\/norkal.fr\/wp-content\/uploads\/2026\/02\/plant-automotive-industry-shop-production-assembly-machines-1-edited-1-scaled.jpg 2560w, https:\/\/norkal.fr\/wp-content\/uploads\/2026\/02\/plant-automotive-industry-shop-production-assembly-machines-1-edited-1-300x300.jpg 300w, https:\/\/norkal.fr\/wp-content\/uploads\/2026\/02\/plant-automotive-industry-shop-production-assembly-machines-1-edited-1-1024x1024.jpg 1024w, https:\/\/norkal.fr\/wp-content\/uploads\/2026\/02\/plant-automotive-industry-shop-production-assembly-machines-1-edited-1-150x150.jpg 150w, https:\/\/norkal.fr\/wp-content\/uploads\/2026\/02\/plant-automotive-industry-shop-production-assembly-machines-1-edited-1-768x768.jpg 768w, https:\/\/norkal.fr\/wp-content\/uploads\/2026\/02\/plant-automotive-industry-shop-production-assembly-machines-1-edited-1-1536x1536.jpg 1536w, https:\/\/norkal.fr\/wp-content\/uploads\/2026\/02\/plant-automotive-industry-shop-production-assembly-machines-1-edited-1-2048x2048.jpg 2048w\" sizes=\"auto, (max-width: 2560px) 100vw, 2560px\" \/><\/figure>\n<\/div>\n<\/div>\n<\/div>\n\n\n\n<div class=\"wp-block-column is-vertically-aligned-bottom is-layout-flow wp-block-column-is-layout-flow\">\n<p class=\"has-ast-global-color-1-color has-text-color has-link-color wp-elements-03c261486c9b949022660899974d5883\" style=\"font-size:23px\"><strong>S\u00e9curiser vos enjeux industriels<\/strong><\/p>\n\n\n\n<p style=\"margin-top:var(--wp--preset--spacing--30);margin-bottom:var(--wp--preset--spacing--30)\">Nous accompagnons les industriels confront\u00e9s \u00e0 :<\/p>\n\n\n\n<ul style=\"margin-top:0;margin-bottom:0\" class=\"wp-block-list\">\n<li>Une surcharge des \u00e9quipes techniques<\/li>\n\n\n\n<li>Un besoin ponctuel de renfort projet<\/li>\n\n\n\n<li>Un recrutement strat\u00e9gique complexe<\/li>\n\n\n\n<li>Une mont\u00e9e en cadence n\u00e9cessitant des comp\u00e9tences sp\u00e9cifiques<\/li>\n<\/ul>\n\n\n\n<p>Notre r\u00f4le est d\u2019apporter des profils adapt\u00e9s \u00e0 votre environnement afin de maintenir la <strong>performance<\/strong> et <strong>s\u00e9curiser<\/strong> l\u2019ex\u00e9cution<\/p>\n<\/div>\n<\/div>\n\n\n\n<div style=\"margin-top:0;margin-bottom:0;height:0px\" aria-hidden=\"true\" class=\"wp-block-spacer\"><\/div>\n\n\n\n<div class=\"wp-block-group alignwide has-background is-layout-constrained wp-block-group-is-layout-constrained\" style=\"background-color:#fafafa;background-image:url(&apos;https:\/\/norkal.fr\/wp-content\/uploads\/2026\/02\/output-onlinepngtools-1.png&apos;);background-size:cover;\">\n<h2 class=\"wp-block-heading\">NOS MODES D&rsquo;INTERVENTION<\/h2>\n\n\n\n<div class=\"wp-block-columns is-layout-flex wp-container-core-columns-is-layout-28f84493 wp-block-columns-is-layout-flex\">\n<div class=\"wp-block-column is-layout-flow wp-block-column-is-layout-flow\">\n<p class=\"has-ast-global-color-1-color has-text-color has-link-color wp-elements-cdf1dbcc2829a181f968165e8b5dd443\" style=\"font-size:23px\"><strong>Recrutement<\/strong><\/p>\n\n\n\n<p><strong>Identification<\/strong> et <strong>s\u00e9lection<\/strong> de fonctions techniques destin\u00e9es \u00e0 renforcer durablement votre organisation.<\/p>\n\n\n\n<p>Nous recrutons principalement des profils d\u2019<strong>ing\u00e9nierie<\/strong> et d\u2019<strong>encadrement<\/strong> <strong>technique<\/strong> au sein des environnements industriels.<\/p>\n\n\n\n<p>Chaque candidat fait l\u2019objet d\u2019une \u00e9valuation technique approfondie avant pr\u00e9sentation.<\/p>\n<\/div>\n\n\n\n<div class=\"wp-block-column is-layout-flow wp-block-column-is-layout-flow\">\n<p class=\"has-ast-global-color-1-color has-text-color has-link-color wp-elements-3490783e18827d94775cf1f19c423f57\" style=\"font-size:23px\"><strong>Assistance technique<\/strong><\/p>\n\n\n\n<p style=\"margin-top:0;margin-bottom:0;padding-top:0;padding-right:0;padding-bottom:0;padding-left:0\">Mise \u00e0 disposition d\u2019<strong>ing\u00e9nieurs<\/strong> et de <strong>chefs de projet<\/strong> pour renforcer vos \u00e9quipes :<\/p>\n\n\n\n<ul class=\"wp-block-list\">\n<li style=\"margin-top:0;margin-bottom:0\">Conception<\/li>\n\n\n\n<li style=\"margin-top:0;margin-bottom:0\">Industrialisation<\/li>\n\n\n\n<li style=\"margin-top:0;margin-bottom:0\">Qualit\u00e9<\/li>\n\n\n\n<li style=\"margin-top:0;margin-bottom:0\">Supply chain<\/li>\n\n\n\n<li style=\"margin-top:0;margin-bottom:0\">Gestion de projet<\/li>\n<\/ul>\n<\/div>\n<\/div>\n<\/div>\n\n\n\n<div class=\"wp-block-group alignwide has-background is-layout-constrained wp-block-group-is-layout-constrained\" style=\"background-color:#fafafa\">\n<h2 class=\"wp-block-heading\">LE CABINET<\/h2>\n\n\n\n<p class=\"has-ast-global-color-1-color has-text-color has-link-color wp-elements-51c0c3955a71a768f338b7f662f0fb63\" style=\"font-size:23px\"><strong>Une structure ind\u00e9pendante d\u00e9di\u00e9e aux industriels<\/strong><\/p>\n\n\n\n<p>NORKAL est un cabinet bas\u00e9 en <strong>Normandie<\/strong>, sp\u00e9cialis\u00e9 dans l\u2019accompagnement des directions industrielles sur leurs enjeux de comp\u00e9tences techniques.<\/p>\n\n\n\n<p><strong>Fond\u00e9 par un ing\u00e9nieur<\/strong> issu du d\u00e9veloppement et de la gestion d\u2019\u00e9quipes d\u2019ing\u00e9nierie, NORKAL repose sur une compr\u00e9hension concr\u00e8te des environnements industriels et des contraintes op\u00e9rationnelles.<\/p>\n\n\n\n<p>Nous intervenons avec une approche <strong>directe<\/strong>, <strong>structur\u00e9e<\/strong> et <strong>pragmatique<\/strong>, en privil\u00e9giant :<\/p>\n\n\n\n<ul class=\"wp-block-list\">\n<li>Une analyse pr\u00e9cise du besoin<\/li>\n\n\n\n<li>Une s\u00e9lection exigeante des profils<\/li>\n\n\n\n<li>Une relation transparente avec nos clients<\/li>\n\n\n\n<li>Un accompagnement sur la dur\u00e9e<\/li>\n<\/ul>\n\n\n\n<p>Notre ambition est d\u2019\u00eatre un partenaire fiable et identifi\u00e9 pour les industriels normands, capable de <strong>s\u00e9curiser leurs projets<\/strong> et de <strong>contribuer \u00e0 leur performance<\/strong>.<\/p>\n<\/div>\n\n\n\n<div style=\"height:37px\" aria-hidden=\"true\" class=\"wp-block-spacer\"><\/div>\n\n\n\n<div class=\"wp-block-buttons alignwide is-content-justification-center is-layout-flex wp-container-core-buttons-is-layout-a89b3969 wp-block-buttons-is-layout-flex\">\n<div class=\"wp-block-button is-style-fill\"><a class=\"wp-block-button__link has-ast-global-color-0-background-color has-background has-text-align-center wp-element-button\" href=\"https:\/\/norkal.fr\/index.php\/contact\/\"><strong>PRENDRE RENDEZ-VOUS<\/strong><\/a><\/div>\n<\/div>\n\n\n\n<ul class=\"wp-block-social-links is-horizontal is-content-justification-center is-layout-flex wp-container-core-social-links-is-layout-03627597 wp-block-social-links-is-layout-flex\"><li class=\"wp-social-link wp-social-link-linkedin  wp-block-social-link\"><a href=\"https:\/\/www.linkedin.com\/company\/norkal\/?viewAsMember=true\" class=\"wp-block-social-link-anchor\"><svg width=\"24\" height=\"24\" viewBox=\"0 0 24 24\" version=\"1.1\" xmlns=\"http:\/\/www.w3.org\/2000\/svg\" aria-hidden=\"true\" focusable=\"false\"><path d=\"M19.7,3H4.3C3.582,3,3,3.582,3,4.3v15.4C3,20.418,3.582,21,4.3,21h15.4c0.718,0,1.3-0.582,1.3-1.3V4.3 C21,3.582,20.418,3,19.7,3z M8.339,18.338H5.667v-8.59h2.672V18.338z M7.004,8.574c-0.857,0-1.549-0.694-1.549-1.548 c0-0.855,0.691-1.548,1.549-1.548c0.854,0,1.547,0.694,1.547,1.548C8.551,7.881,7.858,8.574,7.004,8.574z M18.339,18.338h-2.669 v-4.177c0-0.996-0.017-2.278-1.387-2.278c-1.389,0-1.601,1.086-1.601,2.206v4.249h-2.667v-8.59h2.559v1.174h0.037 c0.356-0.675,1.227-1.387,2.526-1.387c2.703,0,3.203,1.779,3.203,4.092V18.338z\"><\/path><\/svg><span class=\"wp-block-social-link-label screen-reader-text\">LinkedIn<\/span><\/a><\/li>\n\n<li class=\"wp-social-link wp-social-link-mail  wp-block-social-link\"><a href=\"mailto:contact@norkal.fr\" class=\"wp-block-social-link-anchor\"><svg width=\"24\" height=\"24\" viewBox=\"0 0 24 24\" version=\"1.1\" xmlns=\"http:\/\/www.w3.org\/2000\/svg\" aria-hidden=\"true\" focusable=\"false\"><path d=\"M19,5H5c-1.1,0-2,.9-2,2v10c0,1.1.9,2,2,2h14c1.1,0,2-.9,2-2V7c0-1.1-.9-2-2-2zm.5,12c0,.3-.2.5-.5.5H5c-.3,0-.5-.2-.5-.5V9.8l7.5,5.6,7.5-5.6V17zm0-9.1L12,13.6,4.5,7.9V7c0-.3.2-.5.5-.5h14c.3,0,.5.2.5.5v.9z\"><\/path><\/svg><span class=\"wp-block-social-link-label screen-reader-text\">E-mail<\/span><\/a><\/li><\/ul>\n\n\n<div class=\"aligncenter wp-block-site-logo\"><a href=\"https:\/\/norkal.fr\/\" class=\"custom-logo-link\" rel=\"home\"><img loading=\"lazy\" decoding=\"async\" width=\"340\" height=\"113\" src=\"https:\/\/norkal.fr\/wp-content\/uploads\/2026\/02\/cropped-cropped-nk-complet-transparent-scaled-1-260x86.png\" class=\"custom-logo\" alt=\"NORKAL\" srcset=\"https:\/\/norkal.fr\/wp-content\/uploads\/2026\/02\/cropped-cropped-nk-complet-transparent-scaled-1.png 2274w, https:\/\/norkal.fr\/wp-content\/uploads\/2026\/02\/cropped-cropped-nk-complet-transparent-scaled-1-300x100.png 300w, https:\/\/norkal.fr\/wp-content\/uploads\/2026\/02\/cropped-cropped-nk-complet-transparent-scaled-1-1024x340.png 1024w, https:\/\/norkal.fr\/wp-content\/uploads\/2026\/02\/cropped-cropped-nk-complet-transparent-scaled-1-768x255.png 768w, https:\/\/norkal.fr\/wp-content\/uploads\/2026\/02\/cropped-cropped-nk-complet-transparent-scaled-1-1536x511.png 1536w, https:\/\/norkal.fr\/wp-content\/uploads\/2026\/02\/cropped-cropped-nk-complet-transparent-scaled-1-2048x681.png 2048w, https:\/\/norkal.fr\/wp-content\/uploads\/2026\/02\/cropped-cropped-nk-complet-transparent-scaled-1-260x86.png 260w\" sizes=\"auto, (max-width: 340px) 100vw, 340px\" \/><\/a><\/div>\n\n\n<p><\/p>\n","protected":false},"excerpt":{"rendered":"<p>Cabinet sp\u00e9cialis\u00e9 dans le renforcement strat\u00e9gique des \u00e9quipes techniques, en assistance op\u00e9rationnelle ou en recrutement direct NOTRE MISSION S\u00e9curiser vos [&hellip;]<\/p>\n","protected":false},"author":1,"featured_media":0,"parent":0,"menu_order":0,"comment_status":"closed","ping_status":"closed","template":"","meta":{"site-sidebar-layout":"no-sidebar","site-content-layout":"","ast-site-content-layout":"normal-width-container","site-content-style":"default","site-sidebar-style":"default","ast-global-header-display":"","ast-banner-title-visibility":"","ast-main-header-display":"","ast-hfb-above-header-display":"","ast-hfb-below-header-display":"","ast-hfb-mobile-header-display":"","site-post-title":"disabled","ast-breadcrumbs-content":"","ast-featured-img":"","footer-sml-layout":"","ast-disable-related-posts":"","theme-transparent-header-meta":"disabled","adv-header-id-meta":"","stick-header-meta":"","header-above-stick-meta":"","header-main-stick-meta":"","header-below-stick-meta":"","astra-migrate-meta-layouts":"default","ast-page-background-enabled":"default","ast-page-background-meta":{"desktop":{"background-color":"var(--ast-global-color-5)","background-image":"","background-repeat":"repeat","background-position":"center center","background-size":"auto","background-attachment":"scroll","background-type":"","background-media":"","overlay-type":"","overlay-color":"","overlay-opacity":"","overlay-gradient":""},"tablet":{"background-color":"","background-image":"","background-repeat":"repeat","background-position":"center center","background-size":"auto","background-attachment":"scroll","background-type":"","background-media":"","overlay-type":"","overlay-color":"","overlay-opacity":"","overlay-gradient":""},"mobile":{"background-color":"","background-image":"","background-repeat":"repeat","background-position":"center center","background-size":"auto","background-attachment":"scroll","background-type":"","background-media":"","overlay-type":"","overlay-color":"","overlay-opacity":"","overlay-gradient":""}},"ast-content-background-meta":{"desktop":{"background-color":"var(--ast-global-color-4)","background-image":"","background-repeat":"repeat","background-position":"center center","background-size":"auto","background-attachment":"scroll","background-type":"","background-media":"","overlay-type":"","overlay-color":"","overlay-opacity":"","overlay-gradient":""},"tablet":{"background-color":"var(--ast-global-color-4)","background-image":"","background-repeat":"repeat","background-position":"center center","background-size":"auto","background-attachment":"scroll","background-type":"","background-media":"","overlay-type":"","overlay-color":"","overlay-opacity":"","overlay-gradient":""},"mobile":{"background-color":"var(--ast-global-color-4)","background-image":"","background-repeat":"repeat","background-position":"center center","background-size":"auto","background-attachment":"scroll","background-type":"","background-media":"","overlay-type":"","overlay-color":"","overlay-opacity":"","overlay-gradient":""}},"footnotes":""},"class_list":["post-10","page","type-page","status-publish","hentry"],"_links":{"self":[{"href":"https:\/\/norkal.fr\/index.php\/wp-json\/wp\/v2\/pages\/10","targetHints":{"allow":["GET"]}}],"collection":[{"href":"https:\/\/norkal.fr\/index.php\/wp-json\/wp\/v2\/pages"}],"about":[{"href":"https:\/\/norkal.fr\/index.php\/wp-json\/wp\/v2\/types\/page"}],"author":[{"embeddable":true,"href":"https:\/\/norkal.fr\/index.php\/wp-json\/wp\/v2\/users\/1"}],"replies":[{"embeddable":true,"href":"https:\/\/norkal.fr\/index.php\/wp-json\/wp\/v2\/comments?post=10"}],"version-history":[{"count":74,"href":"https:\/\/norkal.fr\/index.php\/wp-json\/wp\/v2\/pages\/10\/revisions"}],"predecessor-version":[{"id":201,"href":"https:\/\/norkal.fr\/index.php\/wp-json\/wp\/v2\/pages\/10\/revisions\/201"}],"wp:attachment":[{"href":"https:\/\/norkal.fr\/index.php\/wp-json\/wp\/v2\/media?parent=10"}],"curies":[{"name":"wp","href":"https:\/\/api.w.org\/{rel}","templated":true}]}}