{"id":12,"date":"2026-01-01T13:46:47","date_gmt":"2026-01-01T13:46:47","guid":{"rendered":"https:\/\/etlejod.cluster100.hosting.ovh.net\/?page_id=12"},"modified":"2026-02-18T23:05:19","modified_gmt":"2026-02-18T22:05:19","slug":"expertises","status":"publish","type":"page","link":"https:\/\/norkal.fr\/index.php\/expertises\/","title":{"rendered":"EXPERTISES"},"content":{"rendered":"\n<div class=\"wp-block-cover alignfull\" style=\"min-height:157px;aspect-ratio:unset;\"><img decoding=\"async\" class=\"wp-block-cover__image-background wp-image-119 size-full\" alt=\"\" src=\"https:\/\/norkal.fr\/wp-content\/uploads\/2026\/02\/nk-filigrane-bleu.png\" data-object-fit=\"cover\"\/><span aria-hidden=\"true\" class=\"wp-block-cover__background has-background-dim\" style=\"background-color:#11314f\"><\/span><div class=\"wp-block-cover__inner-container is-layout-constrained wp-block-cover-is-layout-constrained\">\n<p class=\"has-text-align-left has-ast-global-color-4-color has-text-color has-link-color has-large-font-size wp-elements-85cd0c95af296eba51982972187b0b64\"><strong>NOS EXPERTISES<\/strong><\/p>\n<\/div><\/div>\n\n\n\n<div style=\"height:41px\" aria-hidden=\"true\" class=\"wp-block-spacer\"><\/div>\n\n\n\n<p>NORKAL accompagne les industriels dans le renforcement de leurs \u00e9quipes techniques et la s\u00e9curisation de leurs projets. Notre intervention repose sur une <strong>compr\u00e9hension op\u00e9rationnelle des environnements industriels<\/strong> et une <strong>approche pragmatique, orient\u00e9e terrain<\/strong>.<\/p>\n\n\n\n<div style=\"height:40px\" aria-hidden=\"true\" class=\"wp-block-spacer\"><\/div>\n\n\n\n<div class=\"wp-block-group alignwide has-background is-layout-constrained wp-block-group-is-layout-constrained\" style=\"background-color:#fafafa\">\n<div class=\"wp-block-group alignfull is-content-justification-center is-layout-constrained wp-block-group-is-layout-constrained\">\n<h2 class=\"wp-block-heading has-text-color has-link-color wp-elements-1396a8159c5698bfbebfa75238e7db6d\" style=\"color:#026e46\"><strong>Assistance technique &amp; conseil en ing\u00e9nierie<\/strong><\/h2>\n\n\n\n<p>Renfort op\u00e9rationnel int\u00e9gr\u00e9 \u00e0 vos \u00e9quipes pour <strong>absorber la charge<\/strong>, <strong>s\u00e9curiser les d\u00e9lais<\/strong> et <strong>maintenir la performance.<\/strong> Nous intervenons notamment sur :<\/p>\n\n\n\n<div class=\"wp-block-columns are-vertically-aligned-center is-layout-flex wp-container-core-columns-is-layout-28f84493 wp-block-columns-is-layout-flex\">\n<div class=\"wp-block-column is-vertically-aligned-center has-background is-layout-flow wp-block-column-is-layout-flow\" style=\"background-color:#c49700;box-shadow:var(--wp--preset--shadow--natural)\">\n<p class=\"has-text-align-center has-ast-global-color-4-color has-text-color has-link-color wp-elements-ca7bbcfde2b42191c4b27fa7610046e1\" style=\"margin-top:var(--wp--preset--spacing--30);margin-right:0;margin-bottom:var(--wp--preset--spacing--30);margin-left:0\"><strong>M\u00e9thodes &amp; am\u00e9lioration continue<\/strong><\/p>\n<\/div>\n\n\n\n<div class=\"wp-block-column is-vertically-aligned-center has-background is-layout-flow wp-block-column-is-layout-flow\" style=\"border-style:none;border-width:0px;background-color:#c49700;box-shadow:var(--wp--preset--shadow--natural)\">\n<p class=\"has-text-align-center has-ast-global-color-4-color has-text-color has-link-color wp-elements-f24be48086b4983eed721f58a74ad247\" style=\"margin-top:var(--wp--preset--spacing--30);margin-bottom:var(--wp--preset--spacing--30)\"><strong>Gestion de projet industriel<\/strong><\/p>\n<\/div>\n<\/div>\n\n\n\n<div class=\"wp-block-columns are-vertically-aligned-center is-layout-flex wp-container-core-columns-is-layout-28f84493 wp-block-columns-is-layout-flex\">\n<div class=\"wp-block-column is-vertically-aligned-center has-ast-global-color-4-color has-text-color has-background has-link-color wp-elements-2880b604a1599df21357ceddccad15a9 is-layout-flow wp-block-column-is-layout-flow\" style=\"background-color:#c49700;box-shadow:var(--wp--preset--shadow--natural)\">\n<p class=\"has-text-align-center has-ast-global-color-4-color has-text-color has-link-color wp-elements-6b22f0c277e0cc5fd20d8d92427f216e\" style=\"margin-top:var(--wp--preset--spacing--30);margin-bottom:var(--wp--preset--spacing--30)\"><strong>Qualit\u00e9<\/strong><\/p>\n<\/div>\n\n\n\n<div class=\"wp-block-column has-background is-layout-flow wp-block-column-is-layout-flow\" style=\"background-color:#c49700;box-shadow:var(--wp--preset--shadow--natural)\">\n<p class=\"has-text-align-center has-ast-global-color-4-color has-text-color has-link-color wp-elements-aa1574432cee5842a13780a7e46fa0e4\" style=\"margin-top:var(--wp--preset--spacing--30);margin-right:0;margin-bottom:var(--wp--preset--spacing--30);margin-left:0\"><strong>Industrialisation<\/strong><\/p>\n<\/div>\n\n\n\n<div class=\"wp-block-column has-background is-layout-flow wp-block-column-is-layout-flow\" style=\"background-color:#c49700;box-shadow:var(--wp--preset--shadow--natural)\">\n<p class=\"has-text-align-center has-ast-global-color-4-color has-text-color has-link-color wp-elements-adf0f6a448c3470f8b0ec0a6e25dc350\" style=\"margin-top:var(--wp--preset--spacing--30);margin-bottom:var(--wp--preset--spacing--30)\"><strong>Performance op\u00e9rationnelle<\/strong><\/p>\n<\/div>\n<\/div>\n<\/div>\n\n\n\n<p>Chaque mission est cadr\u00e9e <strong>pr\u00e9cis\u00e9ment<\/strong> afin de garantir une int\u00e9gration <strong>efficace<\/strong> et <strong>adapt\u00e9e<\/strong> \u00e0 votre organisation.<\/p>\n<\/div>\n\n\n\n<div style=\"height:41px\" aria-hidden=\"true\" class=\"wp-block-spacer\"><\/div>\n\n\n\n<div class=\"wp-block-group alignwide has-background is-layout-constrained wp-block-group-is-layout-constrained\" style=\"background-color:#fafafa\">\n<h2 class=\"wp-block-heading has-text-color has-link-color wp-elements-66944f25ad508ccbd09bcae22741c984\" style=\"color:#026e46\">Recrutement <\/h2>\n\n\n\n<div class=\"wp-block-columns is-layout-flex wp-container-core-columns-is-layout-28f84493 wp-block-columns-is-layout-flex\">\n<div class=\"wp-block-column is-layout-flow wp-block-column-is-layout-flow\">\n<figure class=\"wp-block-image size-large is-resized\"><img loading=\"lazy\" decoding=\"async\" width=\"2560\" height=\"1707\" src=\"https:\/\/norkal.fr\/wp-content\/uploads\/2026\/02\/engineers-industry-40-industrial-plant-controlling-automated-machinery-edited-scaled.jpg\" alt=\"\" class=\"wp-image-174\" style=\"aspect-ratio:1.4997259272793715;width:478px;height:auto\" srcset=\"https:\/\/norkal.fr\/wp-content\/uploads\/2026\/02\/engineers-industry-40-industrial-plant-controlling-automated-machinery-edited-scaled.jpg 2560w, https:\/\/norkal.fr\/wp-content\/uploads\/2026\/02\/engineers-industry-40-industrial-plant-controlling-automated-machinery-edited-300x200.jpg 300w, https:\/\/norkal.fr\/wp-content\/uploads\/2026\/02\/engineers-industry-40-industrial-plant-controlling-automated-machinery-edited-1024x683.jpg 1024w, https:\/\/norkal.fr\/wp-content\/uploads\/2026\/02\/engineers-industry-40-industrial-plant-controlling-automated-machinery-edited-768x512.jpg 768w, https:\/\/norkal.fr\/wp-content\/uploads\/2026\/02\/engineers-industry-40-industrial-plant-controlling-automated-machinery-edited-1536x1024.jpg 1536w, https:\/\/norkal.fr\/wp-content\/uploads\/2026\/02\/engineers-industry-40-industrial-plant-controlling-automated-machinery-edited-2048x1365.jpg 2048w\" sizes=\"auto, (max-width: 2560px) 100vw, 2560px\" \/><\/figure>\n<\/div>\n\n\n\n<div class=\"wp-block-column is-layout-flow wp-block-column-is-layout-flow\">\n<p>Identification et s\u00e9lection de fonctions techniques destin\u00e9es \u00e0 r<strong>enforcer durablement votre organisation.<\/strong><\/p>\n\n\n\n<p>Notre d\u00e9marche repose sur :<\/p>\n\n\n\n<ol class=\"wp-block-list\">\n<li class=\"has-text-color has-link-color wp-elements-42b6313f8dc900026ded43350bfb5ef0\" style=\"color:#c49700\">Une analyse d\u00e9taill\u00e9e du besoin<\/li>\n\n\n\n<li class=\"has-text-color has-link-color wp-elements-47d51c70dfd08e6710ce022924aa0c2e\" style=\"color:#c49700\">Une \u00e9valuation technique des candidats<\/li>\n\n\n\n<li class=\"has-text-color has-link-color wp-elements-779906ae7871d022cd873b69db67c5ce\" style=\"color:#c49700\">Une ad\u00e9quation entre comp\u00e9tences, environnement et enjeux \u00e0 long terme<\/li>\n<\/ol>\n\n\n\n<p>Chaque recrutement s\u2019inscrit dans une logique de <strong>p\u00e9rennit\u00e9<\/strong> et de <strong>performance<\/strong>.<\/p>\n<\/div>\n<\/div>\n<\/div>\n\n\n\n<div style=\"height:41px\" aria-hidden=\"true\" class=\"wp-block-spacer\"><\/div>\n\n\n\n<div class=\"wp-block-group alignwide is-layout-constrained wp-block-group-is-layout-constrained\">\n<div class=\"wp-block-group is-layout-constrained wp-block-group-is-layout-constrained\">\n<h2 class=\"wp-block-heading has-text-color has-link-color wp-elements-898c85b7d8f226797045ebe48bb7ea26\" style=\"color:#026e46\">Environnement d&rsquo;intervention<\/h2>\n\n\n\n<p>Nous accompagnons :<\/p>\n\n\n\n<div class=\"wp-block-columns is-layout-flex wp-container-core-columns-is-layout-28f84493 wp-block-columns-is-layout-flex\">\n<div class=\"wp-block-column has-ast-global-color-0-background-color has-background is-layout-flow wp-container-core-column-is-layout-0e0b2752 wp-block-column-is-layout-flow\" style=\"padding-top:var(--wp--preset--spacing--30);padding-bottom:var(--wp--preset--spacing--30)\">\n<p class=\"has-text-align-center has-ast-global-color-4-color has-text-color has-link-color wp-elements-e0bbb7df16e18d574dad411622c5b50a\" style=\"font-size:23px\">PME INDUSTRIELLES<\/p>\n<\/div>\n\n\n\n<div class=\"wp-block-column has-ast-global-color-4-color has-ast-global-color-0-background-color has-text-color has-background is-layout-flow wp-container-core-column-is-layout-0e0b2752 wp-block-column-is-layout-flow\" style=\"padding-top:var(--wp--preset--spacing--30);padding-bottom:var(--wp--preset--spacing--30)\">\n<p class=\"has-text-align-center\" style=\"font-size:23px\">ETI<\/p>\n<\/div>\n\n\n\n<div class=\"wp-block-column has-ast-global-color-0-background-color has-background is-layout-flow wp-container-core-column-is-layout-0e0b2752 wp-block-column-is-layout-flow\" style=\"padding-top:var(--wp--preset--spacing--30);padding-bottom:var(--wp--preset--spacing--30)\">\n<p class=\"has-text-align-center has-ast-global-color-4-color has-text-color has-link-color wp-elements-8fe82f708e4e85d1f68e10ad2b83e25f\" style=\"font-size:23px\">GROUPES INDUSTRIELS<\/p>\n<\/div>\n<\/div>\n\n\n\n<p>Quel que soit le contexte, notre exigence reste la m\u00eame : proposer des solutions <strong>pertinentes<\/strong>, <strong>op\u00e9rationnelles<\/strong> et <strong>adapt\u00e9es<\/strong> <strong>\u00e0 la r\u00e9alit\u00e9 du terrain<\/strong>.<\/p>\n<\/div>\n<\/div>\n\n\n\n<p><\/p>\n\n\n\n<div class=\"wp-block-buttons is-content-justification-center is-layout-flex wp-container-core-buttons-is-layout-a89b3969 wp-block-buttons-is-layout-flex\">\n<div class=\"wp-block-button\"><a class=\"wp-block-button__link has-text-align-center wp-element-button\" href=\"https:\/\/norkal.fr\/index.php\/contact\/\"><strong>ECHANGER SUR VOTRE BESOIN<\/strong><\/a><\/div>\n<\/div>\n\n\n\n<ul class=\"wp-block-social-links is-horizontal is-content-justification-center is-layout-flex wp-container-core-social-links-is-layout-03627597 wp-block-social-links-is-layout-flex\"><li class=\"wp-social-link wp-social-link-linkedin  wp-block-social-link\"><a href=\"https:\/\/www.linkedin.com\/company\/norkal\/?viewAsMember=true\" class=\"wp-block-social-link-anchor\"><svg width=\"24\" height=\"24\" viewBox=\"0 0 24 24\" version=\"1.1\" xmlns=\"http:\/\/www.w3.org\/2000\/svg\" aria-hidden=\"true\" focusable=\"false\"><path d=\"M19.7,3H4.3C3.582,3,3,3.582,3,4.3v15.4C3,20.418,3.582,21,4.3,21h15.4c0.718,0,1.3-0.582,1.3-1.3V4.3 C21,3.582,20.418,3,19.7,3z M8.339,18.338H5.667v-8.59h2.672V18.338z M7.004,8.574c-0.857,0-1.549-0.694-1.549-1.548 c0-0.855,0.691-1.548,1.549-1.548c0.854,0,1.547,0.694,1.547,1.548C8.551,7.881,7.858,8.574,7.004,8.574z M18.339,18.338h-2.669 v-4.177c0-0.996-0.017-2.278-1.387-2.278c-1.389,0-1.601,1.086-1.601,2.206v4.249h-2.667v-8.59h2.559v1.174h0.037 c0.356-0.675,1.227-1.387,2.526-1.387c2.703,0,3.203,1.779,3.203,4.092V18.338z\"><\/path><\/svg><span class=\"wp-block-social-link-label screen-reader-text\">LinkedIn<\/span><\/a><\/li>\n\n<li class=\"wp-social-link wp-social-link-mail  wp-block-social-link\"><a href=\"mailto:contact@norkal.fr\" class=\"wp-block-social-link-anchor\"><svg width=\"24\" height=\"24\" viewBox=\"0 0 24 24\" version=\"1.1\" xmlns=\"http:\/\/www.w3.org\/2000\/svg\" aria-hidden=\"true\" focusable=\"false\"><path d=\"M19,5H5c-1.1,0-2,.9-2,2v10c0,1.1.9,2,2,2h14c1.1,0,2-.9,2-2V7c0-1.1-.9-2-2-2zm.5,12c0,.3-.2.5-.5.5H5c-.3,0-.5-.2-.5-.5V9.8l7.5,5.6,7.5-5.6V17zm0-9.1L12,13.6,4.5,7.9V7c0-.3.2-.5.5-.5h14c.3,0,.5.2.5.5v.9z\"><\/path><\/svg><span class=\"wp-block-social-link-label screen-reader-text\">E-mail<\/span><\/a><\/li><\/ul>\n\n\n<div class=\"aligncenter wp-block-site-logo\"><a href=\"https:\/\/norkal.fr\/\" class=\"custom-logo-link\" rel=\"home\"><img loading=\"lazy\" decoding=\"async\" width=\"340\" height=\"113\" src=\"https:\/\/norkal.fr\/wp-content\/uploads\/2026\/02\/cropped-cropped-nk-complet-transparent-scaled-1-260x86.png\" class=\"custom-logo\" alt=\"NORKAL\" srcset=\"https:\/\/norkal.fr\/wp-content\/uploads\/2026\/02\/cropped-cropped-nk-complet-transparent-scaled-1.png 2274w, https:\/\/norkal.fr\/wp-content\/uploads\/2026\/02\/cropped-cropped-nk-complet-transparent-scaled-1-300x100.png 300w, https:\/\/norkal.fr\/wp-content\/uploads\/2026\/02\/cropped-cropped-nk-complet-transparent-scaled-1-1024x340.png 1024w, https:\/\/norkal.fr\/wp-content\/uploads\/2026\/02\/cropped-cropped-nk-complet-transparent-scaled-1-768x255.png 768w, https:\/\/norkal.fr\/wp-content\/uploads\/2026\/02\/cropped-cropped-nk-complet-transparent-scaled-1-1536x511.png 1536w, https:\/\/norkal.fr\/wp-content\/uploads\/2026\/02\/cropped-cropped-nk-complet-transparent-scaled-1-2048x681.png 2048w, https:\/\/norkal.fr\/wp-content\/uploads\/2026\/02\/cropped-cropped-nk-complet-transparent-scaled-1-260x86.png 260w\" sizes=\"auto, (max-width: 340px) 100vw, 340px\" \/><\/a><\/div>\n\n\n<p><\/p>\n","protected":false},"excerpt":{"rendered":"<p>NORKAL accompagne les industriels dans le renforcement de leurs \u00e9quipes techniques et la s\u00e9curisation de leurs projets. Notre intervention repose [&hellip;]<\/p>\n","protected":false},"author":1,"featured_media":0,"parent":0,"menu_order":0,"comment_status":"closed","ping_status":"closed","template":"","meta":{"site-sidebar-layout":"default","site-content-layout":"","ast-site-content-layout":"default","site-content-style":"default","site-sidebar-style":"default","ast-global-header-display":"","ast-banner-title-visibility":"","ast-main-header-display":"","ast-hfb-above-header-display":"","ast-hfb-below-header-display":"","ast-hfb-mobile-header-display":"","site-post-title":"disabled","ast-breadcrumbs-content":"","ast-featured-img":"","footer-sml-layout":"","ast-disable-related-posts":"","theme-transparent-header-meta":"","adv-header-id-meta":"","stick-header-meta":"","header-above-stick-meta":"","header-main-stick-meta":"","header-below-stick-meta":"","astra-migrate-meta-layouts":"default","ast-page-background-enabled":"default","ast-page-background-meta":{"desktop":{"background-color":"var(--ast-global-color-5)","background-image":"","background-repeat":"repeat","background-position":"center center","background-size":"auto","background-attachment":"scroll","background-type":"","background-media":"","overlay-type":"","overlay-color":"","overlay-opacity":"","overlay-gradient":""},"tablet":{"background-color":"","background-image":"","background-repeat":"repeat","background-position":"center center","background-size":"auto","background-attachment":"scroll","background-type":"","background-media":"","overlay-type":"","overlay-color":"","overlay-opacity":"","overlay-gradient":""},"mobile":{"background-color":"","background-image":"","background-repeat":"repeat","background-position":"center center","background-size":"auto","background-attachment":"scroll","background-type":"","background-media":"","overlay-type":"","overlay-color":"","overlay-opacity":"","overlay-gradient":""}},"ast-content-background-meta":{"desktop":{"background-color":"var(--ast-global-color-4)","background-image":"","background-repeat":"repeat","background-position":"center center","background-size":"auto","background-attachment":"scroll","background-type":"","background-media":"","overlay-type":"","overlay-color":"","overlay-opacity":"","overlay-gradient":""},"tablet":{"background-color":"var(--ast-global-color-4)","background-image":"","background-repeat":"repeat","background-position":"center center","background-size":"auto","background-attachment":"scroll","background-type":"","background-media":"","overlay-type":"","overlay-color":"","overlay-opacity":"","overlay-gradient":""},"mobile":{"background-color":"var(--ast-global-color-4)","background-image":"","background-repeat":"repeat","background-position":"center center","background-size":"auto","background-attachment":"scroll","background-type":"","background-media":"","overlay-type":"","overlay-color":"","overlay-opacity":"","overlay-gradient":""}},"footnotes":""},"class_list":["post-12","page","type-page","status-publish","hentry"],"_links":{"self":[{"href":"https:\/\/norkal.fr\/index.php\/wp-json\/wp\/v2\/pages\/12","targetHints":{"allow":["GET"]}}],"collection":[{"href":"https:\/\/norkal.fr\/index.php\/wp-json\/wp\/v2\/pages"}],"about":[{"href":"https:\/\/norkal.fr\/index.php\/wp-json\/wp\/v2\/types\/page"}],"author":[{"embeddable":true,"href":"https:\/\/norkal.fr\/index.php\/wp-json\/wp\/v2\/users\/1"}],"replies":[{"embeddable":true,"href":"https:\/\/norkal.fr\/index.php\/wp-json\/wp\/v2\/comments?post=12"}],"version-history":[{"count":36,"href":"https:\/\/norkal.fr\/index.php\/wp-json\/wp\/v2\/pages\/12\/revisions"}],"predecessor-version":[{"id":202,"href":"https:\/\/norkal.fr\/index.php\/wp-json\/wp\/v2\/pages\/12\/revisions\/202"}],"wp:attachment":[{"href":"https:\/\/norkal.fr\/index.php\/wp-json\/wp\/v2\/media?parent=12"}],"curies":[{"name":"wp","href":"https:\/\/api.w.org\/{rel}","templated":true}]}}