{"id":16,"date":"2026-01-01T13:47:19","date_gmt":"2026-01-01T13:47:19","guid":{"rendered":"https:\/\/etlejod.cluster100.hosting.ovh.net\/?page_id=16"},"modified":"2026-02-18T22:33:22","modified_gmt":"2026-02-18T21:33:22","slug":"contact","status":"publish","type":"page","link":"https:\/\/norkal.fr\/index.php\/contact\/","title":{"rendered":"CONTACT"},"content":{"rendered":"\n<div class=\"wp-block-cover alignfull\" style=\"min-height:171px;aspect-ratio:unset;\"><img decoding=\"async\" class=\"wp-block-cover__image-background wp-image-119 size-full\" alt=\"\" src=\"https:\/\/norkal.fr\/wp-content\/uploads\/2026\/02\/nk-filigrane-bleu.png\" data-object-fit=\"cover\"\/><span aria-hidden=\"true\" class=\"wp-block-cover__background has-background-dim-70 has-background-dim\" style=\"background-color:#11314f\"><\/span><div class=\"wp-block-cover__inner-container is-layout-constrained wp-block-cover-is-layout-constrained\">\n<p class=\"has-text-align-left has-ast-global-color-4-color has-text-color has-link-color has-large-font-size wp-elements-bf26d6084b60d9686362868acca30e63\"><strong>CONTACT<\/strong><\/p>\n<\/div><\/div>\n\n\n\n<div class=\"wp-block-columns alignwide has-background is-layout-flex wp-container-core-columns-is-layout-28f84493 wp-block-columns-is-layout-flex\" style=\"background-color:#fafafa\">\n<div class=\"wp-block-column is-layout-flow wp-block-column-is-layout-flow\">\n<h3 class=\"wp-block-heading has-text-color has-link-color wp-elements-8867bd0df0fbd39ed189d086a9522657\" style=\"color:#026e46\">\u00c9changer sur votre besoin industriel ?<\/h3>\n\n\n\n<p>Vous \u00eates une direction industrielle \u00e0 la recherche de comp\u00e9tences techniques ?<br>Ou un professionnel souhaitant \u00e9changer sur une opportunit\u00e9 ?<\/p>\n\n\n\n<p>Nous privil\u00e9gions un \u00e9change direct et simple.<\/p>\n<\/div>\n\n\n\n<div class=\"wp-block-column is-layout-flow wp-block-column-is-layout-flow\">\n<figure class=\"wp-block-image alignright size-large is-resized\"><img loading=\"lazy\" decoding=\"async\" width=\"1024\" height=\"512\" src=\"https:\/\/norkal.fr\/wp-content\/uploads\/2026\/02\/contemporary-room-workplace-office-supplies-concept-1024x512.jpg\" alt=\"\" class=\"wp-image-143\" style=\"width:462px;height:auto\" srcset=\"https:\/\/norkal.fr\/wp-content\/uploads\/2026\/02\/contemporary-room-workplace-office-supplies-concept-1024x512.jpg 1024w, https:\/\/norkal.fr\/wp-content\/uploads\/2026\/02\/contemporary-room-workplace-office-supplies-concept-300x150.jpg 300w, https:\/\/norkal.fr\/wp-content\/uploads\/2026\/02\/contemporary-room-workplace-office-supplies-concept-768x384.jpg 768w, https:\/\/norkal.fr\/wp-content\/uploads\/2026\/02\/contemporary-room-workplace-office-supplies-concept-1536x768.jpg 1536w, https:\/\/norkal.fr\/wp-content\/uploads\/2026\/02\/contemporary-room-workplace-office-supplies-concept-2048x1024.jpg 2048w\" sizes=\"auto, (max-width: 1024px) 100vw, 1024px\" \/><\/figure>\n<\/div>\n<\/div>\n\n\n\n<div class=\"wp-block-group alignwide is-layout-constrained wp-block-group-is-layout-constrained\">\n<h3 class=\"wp-block-heading has-text-color has-link-color wp-elements-9dab684f434138cb51d3a795226cbfe6\" style=\"color:#026e46\">Nous contacter<\/h3>\n\n\n\n<p>Pour toute demande, vous pouvez nous joindre : <a>contact@norkal.fr<\/a><\/p>\n<\/div>\n\n\n\n<ul class=\"wp-block-social-links aligncenter is-content-justification-center is-layout-flex wp-container-core-social-links-is-layout-a89b3969 wp-block-social-links-is-layout-flex\"><li class=\"wp-social-link wp-social-link-linkedin  wp-block-social-link\"><a href=\"https:\/\/www.linkedin.com\/company\/norkal\/?viewAsMember=true\" class=\"wp-block-social-link-anchor\"><svg width=\"24\" height=\"24\" viewBox=\"0 0 24 24\" version=\"1.1\" xmlns=\"http:\/\/www.w3.org\/2000\/svg\" aria-hidden=\"true\" focusable=\"false\"><path d=\"M19.7,3H4.3C3.582,3,3,3.582,3,4.3v15.4C3,20.418,3.582,21,4.3,21h15.4c0.718,0,1.3-0.582,1.3-1.3V4.3 C21,3.582,20.418,3,19.7,3z M8.339,18.338H5.667v-8.59h2.672V18.338z M7.004,8.574c-0.857,0-1.549-0.694-1.549-1.548 c0-0.855,0.691-1.548,1.549-1.548c0.854,0,1.547,0.694,1.547,1.548C8.551,7.881,7.858,8.574,7.004,8.574z M18.339,18.338h-2.669 v-4.177c0-0.996-0.017-2.278-1.387-2.278c-1.389,0-1.601,1.086-1.601,2.206v4.249h-2.667v-8.59h2.559v1.174h0.037 c0.356-0.675,1.227-1.387,2.526-1.387c2.703,0,3.203,1.779,3.203,4.092V18.338z\"><\/path><\/svg><span class=\"wp-block-social-link-label screen-reader-text\">LinkedIn<\/span><\/a><\/li>\n\n<li class=\"wp-social-link wp-social-link-mail  wp-block-social-link\"><a href=\"mailto:contact@norkal.fr\" class=\"wp-block-social-link-anchor\"><svg width=\"24\" height=\"24\" viewBox=\"0 0 24 24\" version=\"1.1\" xmlns=\"http:\/\/www.w3.org\/2000\/svg\" aria-hidden=\"true\" focusable=\"false\"><path d=\"M19,5H5c-1.1,0-2,.9-2,2v10c0,1.1.9,2,2,2h14c1.1,0,2-.9,2-2V7c0-1.1-.9-2-2-2zm.5,12c0,.3-.2.5-.5.5H5c-.3,0-.5-.2-.5-.5V9.8l7.5,5.6,7.5-5.6V17zm0-9.1L12,13.6,4.5,7.9V7c0-.3.2-.5.5-.5h14c.3,0,.5.2.5.5v.9z\"><\/path><\/svg><span class=\"wp-block-social-link-label screen-reader-text\">E-mail<\/span><\/a><\/li><\/ul>\n\n\n<div class=\"aligncenter wp-block-site-logo\"><a href=\"https:\/\/norkal.fr\/\" class=\"custom-logo-link\" rel=\"home\"><img loading=\"lazy\" decoding=\"async\" width=\"340\" height=\"113\" src=\"https:\/\/norkal.fr\/wp-content\/uploads\/2026\/02\/cropped-cropped-nk-complet-transparent-scaled-1-260x86.png\" class=\"custom-logo\" alt=\"NORKAL\" srcset=\"https:\/\/norkal.fr\/wp-content\/uploads\/2026\/02\/cropped-cropped-nk-complet-transparent-scaled-1.png 2274w, https:\/\/norkal.fr\/wp-content\/uploads\/2026\/02\/cropped-cropped-nk-complet-transparent-scaled-1-300x100.png 300w, https:\/\/norkal.fr\/wp-content\/uploads\/2026\/02\/cropped-cropped-nk-complet-transparent-scaled-1-1024x340.png 1024w, https:\/\/norkal.fr\/wp-content\/uploads\/2026\/02\/cropped-cropped-nk-complet-transparent-scaled-1-768x255.png 768w, https:\/\/norkal.fr\/wp-content\/uploads\/2026\/02\/cropped-cropped-nk-complet-transparent-scaled-1-1536x511.png 1536w, https:\/\/norkal.fr\/wp-content\/uploads\/2026\/02\/cropped-cropped-nk-complet-transparent-scaled-1-2048x681.png 2048w, https:\/\/norkal.fr\/wp-content\/uploads\/2026\/02\/cropped-cropped-nk-complet-transparent-scaled-1-260x86.png 260w\" sizes=\"auto, (max-width: 340px) 100vw, 340px\" \/><\/a><\/div>","protected":false},"excerpt":{"rendered":"<p>\u00c9changer sur votre besoin industriel ? Vous \u00eates une direction industrielle \u00e0 la recherche de comp\u00e9tences techniques ?Ou un professionnel [&hellip;]<\/p>\n","protected":false},"author":1,"featured_media":0,"parent":0,"menu_order":0,"comment_status":"closed","ping_status":"closed","template":"","meta":{"site-sidebar-layout":"default","site-content-layout":"","ast-site-content-layout":"default","site-content-style":"default","site-sidebar-style":"default","ast-global-header-display":"","ast-banner-title-visibility":"","ast-main-header-display":"","ast-hfb-above-header-display":"","ast-hfb-below-header-display":"","ast-hfb-mobile-header-display":"","site-post-title":"disabled","ast-breadcrumbs-content":"","ast-featured-img":"","footer-sml-layout":"","ast-disable-related-posts":"","theme-transparent-header-meta":"","adv-header-id-meta":"","stick-header-meta":"","header-above-stick-meta":"","header-main-stick-meta":"","header-below-stick-meta":"","astra-migrate-meta-layouts":"default","ast-page-background-enabled":"default","ast-page-background-meta":{"desktop":{"background-color":"var(--ast-global-color-5)","background-image":"","background-repeat":"repeat","background-position":"center center","background-size":"auto","background-attachment":"scroll","background-type":"","background-media":"","overlay-type":"","overlay-color":"","overlay-opacity":"","overlay-gradient":""},"tablet":{"background-color":"","background-image":"","background-repeat":"repeat","background-position":"center center","background-size":"auto","background-attachment":"scroll","background-type":"","background-media":"","overlay-type":"","overlay-color":"","overlay-opacity":"","overlay-gradient":""},"mobile":{"background-color":"","background-image":"","background-repeat":"repeat","background-position":"center center","background-size":"auto","background-attachment":"scroll","background-type":"","background-media":"","overlay-type":"","overlay-color":"","overlay-opacity":"","overlay-gradient":""}},"ast-content-background-meta":{"desktop":{"background-color":"var(--ast-global-color-4)","background-image":"","background-repeat":"repeat","background-position":"center center","background-size":"auto","background-attachment":"scroll","background-type":"","background-media":"","overlay-type":"","overlay-color":"","overlay-opacity":"","overlay-gradient":""},"tablet":{"background-color":"var(--ast-global-color-4)","background-image":"","background-repeat":"repeat","background-position":"center center","background-size":"auto","background-attachment":"scroll","background-type":"","background-media":"","overlay-type":"","overlay-color":"","overlay-opacity":"","overlay-gradient":""},"mobile":{"background-color":"var(--ast-global-color-4)","background-image":"","background-repeat":"repeat","background-position":"center center","background-size":"auto","background-attachment":"scroll","background-type":"","background-media":"","overlay-type":"","overlay-color":"","overlay-opacity":"","overlay-gradient":""}},"footnotes":""},"class_list":["post-16","page","type-page","status-publish","hentry"],"_links":{"self":[{"href":"https:\/\/norkal.fr\/index.php\/wp-json\/wp\/v2\/pages\/16","targetHints":{"allow":["GET"]}}],"collection":[{"href":"https:\/\/norkal.fr\/index.php\/wp-json\/wp\/v2\/pages"}],"about":[{"href":"https:\/\/norkal.fr\/index.php\/wp-json\/wp\/v2\/types\/page"}],"author":[{"embeddable":true,"href":"https:\/\/norkal.fr\/index.php\/wp-json\/wp\/v2\/users\/1"}],"replies":[{"embeddable":true,"href":"https:\/\/norkal.fr\/index.php\/wp-json\/wp\/v2\/comments?post=16"}],"version-history":[{"count":14,"href":"https:\/\/norkal.fr\/index.php\/wp-json\/wp\/v2\/pages\/16\/revisions"}],"predecessor-version":[{"id":196,"href":"https:\/\/norkal.fr\/index.php\/wp-json\/wp\/v2\/pages\/16\/revisions\/196"}],"wp:attachment":[{"href":"https:\/\/norkal.fr\/index.php\/wp-json\/wp\/v2\/media?parent=16"}],"curies":[{"name":"wp","href":"https:\/\/api.w.org\/{rel}","templated":true}]}}